{"id":67,"date":"2023-05-16T12:11:44","date_gmt":"2023-05-16T10:11:44","guid":{"rendered":"https:\/\/optosense.sk\/?page_id=67"},"modified":"2023-05-16T12:11:45","modified_gmt":"2023-05-16T10:11:45","slug":"publikacie","status":"publish","type":"page","link":"https:\/\/optosense.sk\/?page_id=67","title":{"rendered":"Publik\u00e1cie"},"content":{"rendered":"\n<figure class=\"wp-block-image size-large\"><img loading=\"lazy\" width=\"1024\" height=\"108\" src=\"http:\/\/optosense.sk\/wp-content\/uploads\/2023\/03\/interreg_V-A_obrazok-1024x108.jpg\" alt=\"\" class=\"wp-image-47\" srcset=\"https:\/\/optosense.sk\/wp-content\/uploads\/2023\/03\/interreg_V-A_obrazok-1024x108.jpg 1024w, https:\/\/optosense.sk\/wp-content\/uploads\/2023\/03\/interreg_V-A_obrazok-300x32.jpg 300w, https:\/\/optosense.sk\/wp-content\/uploads\/2023\/03\/interreg_V-A_obrazok-768x81.jpg 768w, https:\/\/optosense.sk\/wp-content\/uploads\/2023\/03\/interreg_V-A_obrazok-1536x162.jpg 1536w, https:\/\/optosense.sk\/wp-content\/uploads\/2023\/03\/interreg_V-A_obrazok.jpg 2000w\" sizes=\"(max-width: 1024px) 100vw, 1024px\" \/><\/figure>\n\n\n\n<p>Publik\u00e1cie, ktor\u00e9 vznikli za pomoci projektu &#8222;Optovl\u00e1knov\u00e9 senzory s fotonick\u00fdmi prvkami pre inovat\u00edvne aplik\u00e1cie&#8220;, k\u00f3d ITMS: 304010Y497, ktor\u00fd bol podporen\u00fd Eur\u00f3pskou \u00faniou z Eur\u00f3pskeho fondu pre region\u00e1lny rozvoj v r\u00e1mci Programu Interreg V-A Slovensk\u00e1 republika &#8211; \u010cesk\u00e1 Republika 2014-2020.<\/p>\n\n\n\n<div class=\"wp-block-file\"><object class=\"wp-block-file__embed\" data=\"https:\/\/optosense.sk\/wp-content\/uploads\/2023\/05\/Priloha-c.14_Sensors-1.pdf\" type=\"application\/pdf\" style=\"width:100%;height:600px\" aria-label=\"Vlo\u017ei\u0165 Priloha-c.14_Sensors-1.\"><\/object><a href=\"https:\/\/optosense.sk\/wp-content\/uploads\/2023\/05\/Priloha-c.14_Sensors-1.pdf\">Priloha-c.14_Sensors-1<\/a><a href=\"https:\/\/optosense.sk\/wp-content\/uploads\/2023\/05\/Priloha-c.14_Sensors-1.pdf\" class=\"wp-block-file__button\" download>Stiahnu\u0165<\/a><\/div>\n\n\n\n<div class=\"wp-block-file\"><object class=\"wp-block-file__embed\" data=\"https:\/\/optosense.sk\/wp-content\/uploads\/2023\/05\/Priloha-c.15_Frontiers-in-Pediatrics.pdf\" type=\"application\/pdf\" style=\"width:100%;height:600px\" aria-label=\"Vlo\u017ei\u0165 Priloha-c.15_Frontiers-in-Pediatrics.\"><\/object><a href=\"https:\/\/optosense.sk\/wp-content\/uploads\/2023\/05\/Priloha-c.15_Frontiers-in-Pediatrics.pdf\">Priloha-c.15_Frontiers-in-Pediatrics<\/a><a href=\"https:\/\/optosense.sk\/wp-content\/uploads\/2023\/05\/Priloha-c.15_Frontiers-in-Pediatrics.pdf\" class=\"wp-block-file__button\" download>Stiahnu\u0165<\/a><\/div>\n","protected":false},"excerpt":{"rendered":"<p>Publik\u00e1cie, ktor\u00e9 vznikli za pomoci projektu &#8222;Optovl\u00e1knov\u00e9 senzory s fotonick\u00fdmi prvkami pre inovat\u00edvne aplik\u00e1cie&#8220;, k\u00f3d ITMS: 304010Y497, ktor\u00fd bol podporen\u00fd Eur\u00f3pskou \u00faniou z Eur\u00f3pskeho fondu pre region\u00e1lny rozvoj v r\u00e1mci Programu Interreg V-A Slovensk\u00e1 republika &#8211; \u010cesk\u00e1 Republika 2014-2020.<\/p>\n","protected":false},"author":1,"featured_media":0,"parent":0,"menu_order":0,"comment_status":"closed","ping_status":"closed","template":"","meta":{"_monsterinsights_skip_tracking":false,"_monsterinsights_sitenote_active":false,"_monsterinsights_sitenote_note":"","_monsterinsights_sitenote_category":0},"yoast_head":"<!-- This site is optimized with the Yoast SEO plugin v17.6 - https:\/\/yoast.com\/wordpress\/plugins\/seo\/ -->\n<title>Publik\u00e1cie - optosens<\/title>\n<meta name=\"robots\" content=\"index, follow, max-snippet:-1, max-image-preview:large, max-video-preview:-1\" \/>\n<link rel=\"canonical\" href=\"https:\/\/optosense.sk\/?page_id=67\" \/>\n<meta property=\"og:locale\" content=\"sk_SK\" \/>\n<meta property=\"og:type\" content=\"article\" \/>\n<meta property=\"og:title\" content=\"Publik\u00e1cie - optosens\" \/>\n<meta property=\"og:description\" content=\"Publik\u00e1cie, ktor\u00e9 vznikli za pomoci projektu &#8222;Optovl\u00e1knov\u00e9 senzory s fotonick\u00fdmi prvkami pre inovat\u00edvne aplik\u00e1cie&#8220;, k\u00f3d ITMS: 304010Y497, ktor\u00fd bol podporen\u00fd Eur\u00f3pskou \u00faniou z Eur\u00f3pskeho fondu pre region\u00e1lny rozvoj v r\u00e1mci Programu Interreg V-A Slovensk\u00e1 republika &#8211; \u010cesk\u00e1 Republika 2014-2020.\" \/>\n<meta property=\"og:url\" content=\"https:\/\/optosense.sk\/?page_id=67\" \/>\n<meta property=\"og:site_name\" content=\"optosens\" \/>\n<meta property=\"article:modified_time\" content=\"2023-05-16T10:11:45+00:00\" \/>\n<meta property=\"og:image\" content=\"http:\/\/optosense.sk\/wp-content\/uploads\/2023\/03\/interreg_V-A_obrazok-1024x108.jpg\" \/>\n<meta name=\"twitter:card\" content=\"summary_large_image\" \/>\n<meta name=\"twitter:label1\" content=\"Predpokladan\u00fd \u010das \u010d\u00edtania\" \/>\n\t<meta name=\"twitter:data1\" content=\"1 min\u00fata\" \/>\n<script type=\"application\/ld+json\" class=\"yoast-schema-graph\">{\"@context\":\"https:\/\/schema.org\",\"@graph\":[{\"@type\":\"WebSite\",\"@id\":\"https:\/\/optosense.sk\/#website\",\"url\":\"https:\/\/optosense.sk\/\",\"name\":\"optosens\",\"description\":\"V\\u00fdskum a v\\u00fdvoj nov\\u00fdch senzorick\\u00fdch prvkov\",\"potentialAction\":[{\"@type\":\"SearchAction\",\"target\":{\"@type\":\"EntryPoint\",\"urlTemplate\":\"https:\/\/optosense.sk\/?s={search_term_string}\"},\"query-input\":\"required name=search_term_string\"}],\"inLanguage\":\"sk-SK\"},{\"@type\":\"ImageObject\",\"@id\":\"https:\/\/optosense.sk\/?page_id=67#primaryimage\",\"inLanguage\":\"sk-SK\",\"url\":\"http:\/\/optosense.sk\/wp-content\/uploads\/2023\/03\/interreg_V-A_obrazok-1024x108.jpg\",\"contentUrl\":\"http:\/\/optosense.sk\/wp-content\/uploads\/2023\/03\/interreg_V-A_obrazok-1024x108.jpg\"},{\"@type\":\"WebPage\",\"@id\":\"https:\/\/optosense.sk\/?page_id=67#webpage\",\"url\":\"https:\/\/optosense.sk\/?page_id=67\",\"name\":\"Publik\\u00e1cie - optosens\",\"isPartOf\":{\"@id\":\"https:\/\/optosense.sk\/#website\"},\"primaryImageOfPage\":{\"@id\":\"https:\/\/optosense.sk\/?page_id=67#primaryimage\"},\"datePublished\":\"2023-05-16T10:11:44+00:00\",\"dateModified\":\"2023-05-16T10:11:45+00:00\",\"breadcrumb\":{\"@id\":\"https:\/\/optosense.sk\/?page_id=67#breadcrumb\"},\"inLanguage\":\"sk-SK\",\"potentialAction\":[{\"@type\":\"ReadAction\",\"target\":[\"https:\/\/optosense.sk\/?page_id=67\"]}]},{\"@type\":\"BreadcrumbList\",\"@id\":\"https:\/\/optosense.sk\/?page_id=67#breadcrumb\",\"itemListElement\":[{\"@type\":\"ListItem\",\"position\":1,\"name\":\"Home\",\"item\":\"https:\/\/optosense.sk\/\"},{\"@type\":\"ListItem\",\"position\":2,\"name\":\"Publik\\u00e1cie\"}]}]}<\/script>\n<!-- \/ Yoast SEO plugin. -->","yoast_head_json":{"title":"Publik\u00e1cie - optosens","robots":{"index":"index","follow":"follow","max-snippet":"max-snippet:-1","max-image-preview":"max-image-preview:large","max-video-preview":"max-video-preview:-1"},"canonical":"https:\/\/optosense.sk\/?page_id=67","og_locale":"sk_SK","og_type":"article","og_title":"Publik\u00e1cie - optosens","og_description":"Publik\u00e1cie, ktor\u00e9 vznikli za pomoci projektu &#8222;Optovl\u00e1knov\u00e9 senzory s fotonick\u00fdmi prvkami pre inovat\u00edvne aplik\u00e1cie&#8220;, k\u00f3d ITMS: 304010Y497, ktor\u00fd bol podporen\u00fd Eur\u00f3pskou \u00faniou z Eur\u00f3pskeho fondu pre region\u00e1lny rozvoj v r\u00e1mci Programu Interreg V-A Slovensk\u00e1 republika &#8211; \u010cesk\u00e1 Republika 2014-2020.","og_url":"https:\/\/optosense.sk\/?page_id=67","og_site_name":"optosens","article_modified_time":"2023-05-16T10:11:45+00:00","og_image":[{"url":"http:\/\/optosense.sk\/wp-content\/uploads\/2023\/03\/interreg_V-A_obrazok-1024x108.jpg"}],"twitter_card":"summary_large_image","twitter_misc":{"Predpokladan\u00fd \u010das \u010d\u00edtania":"1 min\u00fata"},"schema":{"@context":"https:\/\/schema.org","@graph":[{"@type":"WebSite","@id":"https:\/\/optosense.sk\/#website","url":"https:\/\/optosense.sk\/","name":"optosens","description":"V\u00fdskum a v\u00fdvoj nov\u00fdch senzorick\u00fdch prvkov","potentialAction":[{"@type":"SearchAction","target":{"@type":"EntryPoint","urlTemplate":"https:\/\/optosense.sk\/?s={search_term_string}"},"query-input":"required name=search_term_string"}],"inLanguage":"sk-SK"},{"@type":"ImageObject","@id":"https:\/\/optosense.sk\/?page_id=67#primaryimage","inLanguage":"sk-SK","url":"http:\/\/optosense.sk\/wp-content\/uploads\/2023\/03\/interreg_V-A_obrazok-1024x108.jpg","contentUrl":"http:\/\/optosense.sk\/wp-content\/uploads\/2023\/03\/interreg_V-A_obrazok-1024x108.jpg"},{"@type":"WebPage","@id":"https:\/\/optosense.sk\/?page_id=67#webpage","url":"https:\/\/optosense.sk\/?page_id=67","name":"Publik\u00e1cie - optosens","isPartOf":{"@id":"https:\/\/optosense.sk\/#website"},"primaryImageOfPage":{"@id":"https:\/\/optosense.sk\/?page_id=67#primaryimage"},"datePublished":"2023-05-16T10:11:44+00:00","dateModified":"2023-05-16T10:11:45+00:00","breadcrumb":{"@id":"https:\/\/optosense.sk\/?page_id=67#breadcrumb"},"inLanguage":"sk-SK","potentialAction":[{"@type":"ReadAction","target":["https:\/\/optosense.sk\/?page_id=67"]}]},{"@type":"BreadcrumbList","@id":"https:\/\/optosense.sk\/?page_id=67#breadcrumb","itemListElement":[{"@type":"ListItem","position":1,"name":"Home","item":"https:\/\/optosense.sk\/"},{"@type":"ListItem","position":2,"name":"Publik\u00e1cie"}]}]}},"_links":{"self":[{"href":"https:\/\/optosense.sk\/index.php?rest_route=\/wp\/v2\/pages\/67"}],"collection":[{"href":"https:\/\/optosense.sk\/index.php?rest_route=\/wp\/v2\/pages"}],"about":[{"href":"https:\/\/optosense.sk\/index.php?rest_route=\/wp\/v2\/types\/page"}],"author":[{"embeddable":true,"href":"https:\/\/optosense.sk\/index.php?rest_route=\/wp\/v2\/users\/1"}],"replies":[{"embeddable":true,"href":"https:\/\/optosense.sk\/index.php?rest_route=%2Fwp%2Fv2%2Fcomments&post=67"}],"version-history":[{"count":1,"href":"https:\/\/optosense.sk\/index.php?rest_route=\/wp\/v2\/pages\/67\/revisions"}],"predecessor-version":[{"id":70,"href":"https:\/\/optosense.sk\/index.php?rest_route=\/wp\/v2\/pages\/67\/revisions\/70"}],"wp:attachment":[{"href":"https:\/\/optosense.sk\/index.php?rest_route=%2Fwp%2Fv2%2Fmedia&parent=67"}],"curies":[{"name":"wp","href":"https:\/\/api.w.org\/{rel}","templated":true}]}}