{"id":31,"date":"2021-11-29T10:05:37","date_gmt":"2021-11-29T09:05:37","guid":{"rendered":"https:\/\/optosense.sk\/?page_id=31"},"modified":"2021-11-29T10:05:38","modified_gmt":"2021-11-29T09:05:38","slug":"situacia-po-realizacii-projektu-a-udrzatelnost-projektu","status":"publish","type":"page","link":"https:\/\/optosense.sk\/?page_id=31","title":{"rendered":"Situ\u00e1cia po realiz\u00e1cii projektu a udr\u017eate\u013enos\u0165 projektu"},"content":{"rendered":"\n<p>Po skon\u010den\u00ed realiz\u00e1cie projektu bud\u00fa dosiahnut\u00e9 v\u00fdstupy vyu\u017eit\u00e9 k podpore realiz\u00e1cie syst\u00e9mov pre prax partnersk\u00fdmi podnikmi (MSP). Predpoklad\u00e1 sa vytvorenie a&nbsp;roz\u0161\u00edrenie merac\u00edch syst\u00e9mov vyu\u017e\u00edvaj\u00facich vl\u00e1knov\u00e9 optick\u00e9 senzory na \u0161irok\u00e9 spektrum aplik\u00e1ci\u00ed, ktor\u00e9 doteraz nemohli by\u0165 realizovan\u00e9 vzh\u013eadom na nedostatok senzorick\u00fdch prvkov s&nbsp;po\u017eadovan\u00fdmi vlastnos\u0165ami, pr\u00edpade na ich finan\u010dn\u00fa n\u00e1ro\u010dnos\u0165 pre niektor\u00e9 aplik\u00e1cie. V\u00fdskum v&nbsp;predmetnej oblasti zabezpe\u010d\u00ed rozvoj syst\u00e9mov pre monitorovanie r\u00f4znych stavieb, kon\u0161trukci\u00ed, infra\u0161trukt\u00fary, technologick\u00fdch procesov ako aj prvkov \u017eivotn\u00e9ho prostredia a&nbsp;taktie\u017e prinesie nov\u00e9 mo\u017enosti uplatnenia v&nbsp;oblasti zdravotn\u00edctva. V\u00fdsledky napom\u00f4\u017eu k&nbsp;zlep\u0161eniu technologick\u00e9ho rozvoja optick\u00fdch vl\u00e1knov\u00fdch senzorick\u00fdch syst\u00e9mov, \u010d\u00edm zv\u00fd\u0161ia konkurencieschopnos\u0165 a&nbsp;celkov\u00fa technologick\u00fa \u00farove\u0148 v pohrani\u010dn\u00fdch regi\u00f3noch \u010d\u00edm sa podpor\u00ed rozvoj t\u00fdchto regi\u00f3nov. \u00da\u010dinky pr\u00ednosu projektu sa prenes\u00fa aj na okolit\u00fa oblas\u0165 a vytvoria tak mo\u017enos\u0165 poskytovania prepojen\u00fdch slu\u017eieb na \u0161ir\u0161ej \u00farovni. Komplementarita univerz\u00edt a MSP a ich spolupr\u00e1ca s miestnymi subjektami tak zabezpe\u010dia r\u00fdchly transfer inov\u00e1ci\u00ed do praxe a podporia rozvoj regi\u00f3nov, vypl\u00fdvaj\u00faci i zo zavedenia produkcie prvkov a inteligentn\u00fdch syst\u00e9mov na b\u00e1ze vl\u00e1knov\u00fdch senzorov s vysok\u00fdm exportn\u00fdm potenci\u00e1lom. Inform\u00e1cie o pr\u00ednosoch a v\u00fdsledkoch bud\u00fa k dispoz\u00edcii \u0161irokej verejnosti na webovej str\u00e1nke projektu a internetov\u00fdch str\u00e1nkach partnerov. V\u00fdstupy projektu, partnerstvo univerz\u00edt a MSP bud\u00fa ma\u0165 dlhodob\u00fd charakter aj po skon\u010den\u00ed realiz\u00e1cie projektu.<\/p>\n","protected":false},"excerpt":{"rendered":"<p>Po skon\u010den\u00ed realiz\u00e1cie projektu bud\u00fa dosiahnut\u00e9 v\u00fdstupy vyu\u017eit\u00e9 k podpore realiz\u00e1cie syst\u00e9mov pre prax partnersk\u00fdmi podnikmi (MSP). Predpoklad\u00e1 sa vytvorenie a&nbsp;roz\u0161\u00edrenie merac\u00edch syst\u00e9mov vyu\u017e\u00edvaj\u00facich vl\u00e1knov\u00e9 optick\u00e9 senzory na \u0161irok\u00e9 spektrum aplik\u00e1ci\u00ed, ktor\u00e9 doteraz nemohli by\u0165 realizovan\u00e9 vzh\u013eadom na nedostatok senzorick\u00fdch prvkov s&nbsp;po\u017eadovan\u00fdmi vlastnos\u0165ami, pr\u00edpade na ich finan\u010dn\u00fa n\u00e1ro\u010dnos\u0165 pre niektor\u00e9 aplik\u00e1cie. V\u00fdskum v&nbsp;predmetnej oblasti zabezpe\u010d\u00ed &hellip; <\/p>\n<p class=\"link-more\"><a href=\"https:\/\/optosense.sk\/?page_id=31\" class=\"more-link\">Read more<span class=\"screen-reader-text\"> &#8222;Situ\u00e1cia po realiz\u00e1cii projektu a udr\u017eate\u013enos\u0165 projektu&#8220;<\/span><\/a><\/p>\n","protected":false},"author":1,"featured_media":0,"parent":0,"menu_order":0,"comment_status":"closed","ping_status":"closed","template":"","meta":{"_monsterinsights_skip_tracking":false,"_monsterinsights_sitenote_active":false,"_monsterinsights_sitenote_note":"","_monsterinsights_sitenote_category":0},"yoast_head":"<!-- This site is optimized with the Yoast SEO plugin v17.6 - https:\/\/yoast.com\/wordpress\/plugins\/seo\/ -->\n<title>Situ\u00e1cia po realiz\u00e1cii projektu a udr\u017eate\u013enos\u0165 projektu - optosens<\/title>\n<meta name=\"robots\" content=\"index, follow, max-snippet:-1, max-image-preview:large, max-video-preview:-1\" \/>\n<link rel=\"canonical\" href=\"https:\/\/optosense.sk\/?page_id=31\" \/>\n<meta property=\"og:locale\" content=\"sk_SK\" \/>\n<meta property=\"og:type\" content=\"article\" \/>\n<meta property=\"og:title\" content=\"Situ\u00e1cia po realiz\u00e1cii projektu a udr\u017eate\u013enos\u0165 projektu - optosens\" \/>\n<meta property=\"og:description\" content=\"Po skon\u010den\u00ed realiz\u00e1cie projektu bud\u00fa dosiahnut\u00e9 v\u00fdstupy vyu\u017eit\u00e9 k podpore realiz\u00e1cie syst\u00e9mov pre prax partnersk\u00fdmi podnikmi (MSP). Predpoklad\u00e1 sa vytvorenie a&nbsp;roz\u0161\u00edrenie merac\u00edch syst\u00e9mov vyu\u017e\u00edvaj\u00facich vl\u00e1knov\u00e9 optick\u00e9 senzory na \u0161irok\u00e9 spektrum aplik\u00e1ci\u00ed, ktor\u00e9 doteraz nemohli by\u0165 realizovan\u00e9 vzh\u013eadom na nedostatok senzorick\u00fdch prvkov s&nbsp;po\u017eadovan\u00fdmi vlastnos\u0165ami, pr\u00edpade na ich finan\u010dn\u00fa n\u00e1ro\u010dnos\u0165 pre niektor\u00e9 aplik\u00e1cie. V\u00fdskum v&nbsp;predmetnej oblasti zabezpe\u010d\u00ed &hellip; Read more &quot;Situ\u00e1cia po realiz\u00e1cii projektu a udr\u017eate\u013enos\u0165 projektu&quot;\" \/>\n<meta property=\"og:url\" content=\"https:\/\/optosense.sk\/?page_id=31\" \/>\n<meta property=\"og:site_name\" content=\"optosens\" \/>\n<meta property=\"article:modified_time\" content=\"2021-11-29T09:05:38+00:00\" \/>\n<meta name=\"twitter:card\" content=\"summary_large_image\" \/>\n<meta name=\"twitter:label1\" content=\"Predpokladan\u00fd \u010das \u010d\u00edtania\" \/>\n\t<meta name=\"twitter:data1\" content=\"1 min\u00fata\" \/>\n<script type=\"application\/ld+json\" class=\"yoast-schema-graph\">{\"@context\":\"https:\/\/schema.org\",\"@graph\":[{\"@type\":\"WebSite\",\"@id\":\"https:\/\/optosense.sk\/#website\",\"url\":\"https:\/\/optosense.sk\/\",\"name\":\"optosens\",\"description\":\"V\\u00fdskum a v\\u00fdvoj nov\\u00fdch senzorick\\u00fdch prvkov\",\"potentialAction\":[{\"@type\":\"SearchAction\",\"target\":{\"@type\":\"EntryPoint\",\"urlTemplate\":\"https:\/\/optosense.sk\/?s={search_term_string}\"},\"query-input\":\"required name=search_term_string\"}],\"inLanguage\":\"sk-SK\"},{\"@type\":\"WebPage\",\"@id\":\"https:\/\/optosense.sk\/?page_id=31#webpage\",\"url\":\"https:\/\/optosense.sk\/?page_id=31\",\"name\":\"Situ\\u00e1cia po realiz\\u00e1cii projektu a udr\\u017eate\\u013enos\\u0165 projektu - optosens\",\"isPartOf\":{\"@id\":\"https:\/\/optosense.sk\/#website\"},\"datePublished\":\"2021-11-29T09:05:37+00:00\",\"dateModified\":\"2021-11-29T09:05:38+00:00\",\"breadcrumb\":{\"@id\":\"https:\/\/optosense.sk\/?page_id=31#breadcrumb\"},\"inLanguage\":\"sk-SK\",\"potentialAction\":[{\"@type\":\"ReadAction\",\"target\":[\"https:\/\/optosense.sk\/?page_id=31\"]}]},{\"@type\":\"BreadcrumbList\",\"@id\":\"https:\/\/optosense.sk\/?page_id=31#breadcrumb\",\"itemListElement\":[{\"@type\":\"ListItem\",\"position\":1,\"name\":\"Home\",\"item\":\"https:\/\/optosense.sk\/\"},{\"@type\":\"ListItem\",\"position\":2,\"name\":\"Situ\\u00e1cia po realiz\\u00e1cii projektu a udr\\u017eate\\u013enos\\u0165 projektu\"}]}]}<\/script>\n<!-- \/ Yoast SEO plugin. -->","yoast_head_json":{"title":"Situ\u00e1cia po realiz\u00e1cii projektu a udr\u017eate\u013enos\u0165 projektu - optosens","robots":{"index":"index","follow":"follow","max-snippet":"max-snippet:-1","max-image-preview":"max-image-preview:large","max-video-preview":"max-video-preview:-1"},"canonical":"https:\/\/optosense.sk\/?page_id=31","og_locale":"sk_SK","og_type":"article","og_title":"Situ\u00e1cia po realiz\u00e1cii projektu a udr\u017eate\u013enos\u0165 projektu - optosens","og_description":"Po skon\u010den\u00ed realiz\u00e1cie projektu bud\u00fa dosiahnut\u00e9 v\u00fdstupy vyu\u017eit\u00e9 k podpore realiz\u00e1cie syst\u00e9mov pre prax partnersk\u00fdmi podnikmi (MSP). Predpoklad\u00e1 sa vytvorenie a&nbsp;roz\u0161\u00edrenie merac\u00edch syst\u00e9mov vyu\u017e\u00edvaj\u00facich vl\u00e1knov\u00e9 optick\u00e9 senzory na \u0161irok\u00e9 spektrum aplik\u00e1ci\u00ed, ktor\u00e9 doteraz nemohli by\u0165 realizovan\u00e9 vzh\u013eadom na nedostatok senzorick\u00fdch prvkov s&nbsp;po\u017eadovan\u00fdmi vlastnos\u0165ami, pr\u00edpade na ich finan\u010dn\u00fa n\u00e1ro\u010dnos\u0165 pre niektor\u00e9 aplik\u00e1cie. V\u00fdskum v&nbsp;predmetnej oblasti zabezpe\u010d\u00ed &hellip; Read more \"Situ\u00e1cia po realiz\u00e1cii projektu a udr\u017eate\u013enos\u0165 projektu\"","og_url":"https:\/\/optosense.sk\/?page_id=31","og_site_name":"optosens","article_modified_time":"2021-11-29T09:05:38+00:00","twitter_card":"summary_large_image","twitter_misc":{"Predpokladan\u00fd \u010das \u010d\u00edtania":"1 min\u00fata"},"schema":{"@context":"https:\/\/schema.org","@graph":[{"@type":"WebSite","@id":"https:\/\/optosense.sk\/#website","url":"https:\/\/optosense.sk\/","name":"optosens","description":"V\u00fdskum a v\u00fdvoj nov\u00fdch senzorick\u00fdch prvkov","potentialAction":[{"@type":"SearchAction","target":{"@type":"EntryPoint","urlTemplate":"https:\/\/optosense.sk\/?s={search_term_string}"},"query-input":"required name=search_term_string"}],"inLanguage":"sk-SK"},{"@type":"WebPage","@id":"https:\/\/optosense.sk\/?page_id=31#webpage","url":"https:\/\/optosense.sk\/?page_id=31","name":"Situ\u00e1cia po realiz\u00e1cii projektu a udr\u017eate\u013enos\u0165 projektu - optosens","isPartOf":{"@id":"https:\/\/optosense.sk\/#website"},"datePublished":"2021-11-29T09:05:37+00:00","dateModified":"2021-11-29T09:05:38+00:00","breadcrumb":{"@id":"https:\/\/optosense.sk\/?page_id=31#breadcrumb"},"inLanguage":"sk-SK","potentialAction":[{"@type":"ReadAction","target":["https:\/\/optosense.sk\/?page_id=31"]}]},{"@type":"BreadcrumbList","@id":"https:\/\/optosense.sk\/?page_id=31#breadcrumb","itemListElement":[{"@type":"ListItem","position":1,"name":"Home","item":"https:\/\/optosense.sk\/"},{"@type":"ListItem","position":2,"name":"Situ\u00e1cia po realiz\u00e1cii projektu a udr\u017eate\u013enos\u0165 projektu"}]}]}},"_links":{"self":[{"href":"https:\/\/optosense.sk\/index.php?rest_route=\/wp\/v2\/pages\/31"}],"collection":[{"href":"https:\/\/optosense.sk\/index.php?rest_route=\/wp\/v2\/pages"}],"about":[{"href":"https:\/\/optosense.sk\/index.php?rest_route=\/wp\/v2\/types\/page"}],"author":[{"embeddable":true,"href":"https:\/\/optosense.sk\/index.php?rest_route=\/wp\/v2\/users\/1"}],"replies":[{"embeddable":true,"href":"https:\/\/optosense.sk\/index.php?rest_route=%2Fwp%2Fv2%2Fcomments&post=31"}],"version-history":[{"count":1,"href":"https:\/\/optosense.sk\/index.php?rest_route=\/wp\/v2\/pages\/31\/revisions"}],"predecessor-version":[{"id":32,"href":"https:\/\/optosense.sk\/index.php?rest_route=\/wp\/v2\/pages\/31\/revisions\/32"}],"wp:attachment":[{"href":"https:\/\/optosense.sk\/index.php?rest_route=%2Fwp%2Fv2%2Fmedia&parent=31"}],"curies":[{"name":"wp","href":"https:\/\/api.w.org\/{rel}","templated":true}]}}