{"id":29,"date":"2021-11-29T10:04:30","date_gmt":"2021-11-29T09:04:30","guid":{"rendered":"https:\/\/optosense.sk\/?page_id=29"},"modified":"2021-11-29T10:04:31","modified_gmt":"2021-11-29T09:04:31","slug":"sposob-realizacie-aktivit-projektu","status":"publish","type":"page","link":"https:\/\/optosense.sk\/?page_id=29","title":{"rendered":"Sp\u00f4sob realiz\u00e1cie aktiv\u00edt projektu"},"content":{"rendered":"\n<p>Pri pr\u00edprave \u017eiadosti o NFP sa ve\u013ek\u00fd d\u00f4raz kl\u00e1dol na logick\u00fa, vecn\u00fa a \u010dasov\u00fa nadv\u00e4znos\u0165 aktiv\u00edt. Realiz\u00e1cia aktiv\u00edt projektu bude prebieha\u0165 s\u00fabe\u017ene u&nbsp;v\u0161etk\u00fdch partnerov. Ka\u017ed\u00e1 z partnersk\u00fdch str\u00e1n bude na ich implement\u00e1ciu vyu\u017e\u00edva\u0165 svoj odborn\u00fd t\u00edm, ako aj t\u00edm zodpovedn\u00fd za riadenie projektu samozrejme za \u00fa\u010dasti a koordin\u00e1cie \u010dinnost\u00ed ved\u00facim projektov\u00fdm mana\u017e\u00e9rom na strane VP. Obsah aktiv\u00edt vych\u00e1dza zo stanoven\u00e9ho cie\u013ea a z\u00e1merov projektu a je relevantn\u00fd pre naplnenie merate\u013en\u00fdch ukazovate\u013eov projektu a zabezpe\u010denie maxim\u00e1lneho pr\u00ednosu pre cie\u013eov\u00e9 skupiny. Realiz\u00e1ciou projektu bude naplnen\u00fd merate\u013en\u00fd ukazovate\u013e: &#8222;Po\u010det podnikov spolupracuj\u00facich s v\u00fdskumn\u00fdmi in\u0161tit\u00faciami&#8220;, celkov\u00e1 cie\u013eov\u00e1 hodnota &#8222;4&#8220;. Z\u00e1merom projektu je vyu\u017eitie rozvojov\u00e9ho potenci\u00e1lu, ktor\u00e9 poskytuje spojenie v\u00fdskumn\u00fdch \u010dinnost\u00ed univerz\u00edt so s\u00fakromn\u00fdm sektorom &#8211; mal\u00fdmi a stredn\u00fdmi podnikmi v&nbsp;\u010ceskej republike a na Slovensku. Z\u00e1rove\u0148 bude vytvoren\u00e9 webov\u00e9 rozhranie, ktor\u00e9 bude sl\u00fa\u017ei\u0165 ako komunika\u010dn\u00e1 platforma partnerov v projekte a zapojen\u00fdch MSP. T\u00fdmto krokom bude naplnen\u00fd merate\u013en\u00fd ukazovate\u013e &#8222;Opatrenia na zv\u00fd\u0161enie spolupr\u00e1ce medzi in\u0161tit\u00faciami v\u00fdskumu a v\u00fdvoja a produkt\u00edvnym sektorom&#8220;&nbsp; s cie\u013eovou hodnotou 1.<\/p>\n\n\n\n<p>Cie\u013e projektu bude dosiahnut\u00fd realiz\u00e1ciou hlavn\u00fdch a podporn\u00fdch aktiv\u00edt projektu, ktor\u00e9 bud\u00fa zameran\u00e9 na riadenie projektu a zabezpe\u010denie informovania verejnosti o podpore jeho spolufinancovania z E\u0160IF a \u0160R.&nbsp; V pr\u00edpade uzatvorenia zmluvy o poskytnut\u00ed NFP, bud\u00fa prij\u00edmatelia&nbsp; pri informovan\u00ed verejnosti o podpore z E\u0160IF, ktor\u00e1 im bola poskytnut\u00e1, postupova\u0165 pod\u013ea v\u0161eobecn\u00fdch z\u00e1sad publicity. Predkladan\u00fd projekt je koncipovan\u00fd tak, aby re\u0161pektoval \u0161pecifickosti prostredia a pozit\u00edvne vpl\u00fdval na prvky najbli\u017e\u0161ieho \u017eivotn\u00e9ho prostredia. Pl\u00e1novan\u00e9 invest\u00edcie nemaj\u00fa nepriazniv\u00fd vplyv na \u017eivotn\u00e9 prostredie ani na \u00fazemia s\u00fastavy NATURA 2000.<\/p>\n\n\n\n<p>Aktivity projektu realizovan\u00e9 VP Naplnenie stanoven\u00e9ho cie\u013ea projektu bude realizovan\u00e9 a zabezpe\u010den\u00e9 prostredn\u00edctvom nasledovn\u00fdch projektov\u00fdch aktiv\u00edt: A06 &#8211; Realiz\u00e1cia aplikovan\u00e9ho v\u00fdskumu\/ v\u00fdvoja na z\u00e1klade defin\u00edcie po\u017eiadaviek s d\u00f4razom na zapojenie stred\u00edsk&nbsp; v\u00fdskumu\/v\u00fdvoja a vysok\u00fdch \u0161k\u00f4l&nbsp; (vlastn\u00fd v\u00fdskum, kolekt\u00edvny a predkonkuren\u010dn\u00fd v\u00fdvoj), Ukazovate\u013e v\u00fdstupu: Po\u010det podnikov spolupracuj\u00facich s v\u00fdskumn\u00fdmi in\u0161tit\u00faciami&#8220;, celkov\u00e1 cie\u013eov\u00e1 hodnota: 4. a aktivity A09 &#8211; Tvorba kan\u00e1lu\/mechanizmu v\u00fdmeny a zdie\u013eania inform\u00e1ci\u00ed a d\u00e1t, Ukazovate\u013e v\u00fdstupu &#8222;Opatrenia na zv\u00fd\u0161enie spolupr\u00e1ce medzi in\u0161tit\u00faciami v\u00fdskumu a v\u00fdvoja a produkt\u00edvnym sektorom&#8220;, celkov\u00e1 cie\u013eov\u00e1 hodnota: 1<\/p>\n\n\n\n<p>Ka\u017ed\u00fd z&nbsp;partnerov bude realizova\u0165 v\u00fdskumno-v\u00fdvojov\u00fa aktivitu zameran\u00fa pre spolo\u010dn\u00e9 dosiahnutie cie\u013ea projektu v&nbsp;podobe realiz\u00e1cie a&nbsp;integr\u00e1cie nov\u00e9ho fotonick\u00e9ho vl\u00e1knov\u00e9ho senzorick\u00e9ho prvku na b\u00e1ze progres\u00edvnych polym\u00e9rnych materi\u00e1lov do meracieho syst\u00e9mu s&nbsp;praktick\u00fdm vyu\u017eit\u00edm. \u017diadate\u013e projektu bude po\u010das rie\u0161enia svojej aktivity vyu\u017e\u00edva\u0165 n\u00e1vrhov\u00e9 a&nbsp;simula\u010dn\u00e9 prostriedky pre identifik\u00e1ciu k\u013e\u00fa\u010dov\u00fdch parametrov navrhovan\u00e9ho prvku s&nbsp;cie\u013eom dosiahnutia po\u017eadovan\u00fdch fyzik\u00e1lne-technick\u00fdch vlastnost\u00ed navrhovan\u00e9ho a&nbsp;realizovan\u00e9ho fotonick\u00e9ho senzora v&nbsp;s\u00fa\u010dinnosti so zoh\u013eadnen\u00edm nepresnost\u00ed vyu\u017e\u00edvan\u00fdch technologick\u00fdch prostriedkov na jeho pr\u00edpravu. Prebehne identifik\u00e1cia vplyvu nepresnost\u00ed pri pr\u00edprave senzorov na ich vlastnosti a&nbsp;v&nbsp;r\u00e1mci simula\u010dn\u00fdch met\u00f3d bude doch\u00e1dza\u0165 k&nbsp;neust\u00e1lemu iterovaniu parametrov navrhovan\u00e9ho fotonick\u00e9ho senzora. \u017diadate\u013e bude taktie\u017e realizova\u0165 testovacie proced\u00fary pre verifik\u00e1ciu spr\u00e1vnosti n\u00e1vrhu. Partner projektu (UNIZA prostredn\u00edctvom svojich \u010dlenov rie\u0161ite\u013esk\u00e9ho kolekt\u00edvu sa pri realiz\u00e1cii aktiv\u00edt bude orientova\u0165 na pr\u00edpravu senzorick\u00fdch prvkov na b\u00e1ze progres\u00edvnych polym\u00e9rnych materi\u00e1lov pomocou najnov\u0161\u00edch 3D technol\u00f3gi\u00ed s&nbsp;cie\u013eom vyu\u017eitia technologick\u00fdch procesov za \u00fa\u010delom zn\u00ed\u017eenia n\u00e1kladov na produkciu senzorov. To umo\u017en\u00ed zv\u00fd\u0161enie mo\u017enost\u00ed ich aplikovate\u013enosti pre r\u00f4zne meracie aplik\u00e1cie. \u010eal\u0161\u00ed partner projektu (V\u0160B TU Ostrava) sa bude venova\u0165 n\u00e1vrhu parametrov a&nbsp;vlastnost\u00ed fotonick\u00fdch vl\u00e1knov\u00fdch senzorov na z\u00e1klade potrieb navrhovan\u00fdch a&nbsp;realizovan\u00fdch senzorick\u00fdch syst\u00e9mov. Bude vykon\u00e1va\u0165 integr\u00e1ciu navrhnut\u00fdch a&nbsp;pripraven\u00fdch senzorick\u00fdch prvkov ako aj praktick\u00e9 merania pre verifik\u00e1ciu funk\u010dnosti fotonick\u00fdch vl\u00e1knov\u00fdch senzorov a ich vhodnosti pre stanoven\u00e9 aplik\u00e1cie. Aktivity bud\u00fa realizovan\u00e9 v&nbsp;\u00fazkej spolupr\u00e1ci v\u0161etk\u00fdch partnerov, ktor\u00ed si bud\u00fa neust\u00e1le vymie\u0148a\u0165 nadobudnut\u00e9 poznatky s&nbsp;cie\u013eom zlep\u0161enia a&nbsp;zefekt\u00edvnenia v\u00fdskumn\u00fdch \u00faloh po\u010das celej doby rie\u0161enia projektu.<\/p>\n\n\n\n<p>Realiz\u00e1cia projektu je napl\u00e1novan\u00e1 na 24 mesiacov. Harmonogram realiz\u00e1cie jednotliv\u00fdch aktiv\u00edt je napl\u00e1novan\u00fd&nbsp; s oh\u013eadom na technick\u00e9 a odborn\u00e9 po\u017eiadavky jednotliv\u00fdch aktiv\u00edt a aktivity s\u00fa re\u00e1lne uskuto\u010dnite\u013en\u00e9. V\u0161etky v\u00fddavky v r\u00e1mci projektu bud\u00fa obstaran\u00e9 v s\u00falade s pr\u00edslu\u0161n\u00fdm a platn\u00fdm z\u00e1konom o verejnom obstar\u00e1van\u00ed s d\u00f4razom na hospod\u00e1rnos\u0165 a efekt\u00edvnos\u0165 finan\u010dn\u00fdch v\u00fddavkov.<\/p>\n\n\n\n<p>V\u0161etky uveden\u00e9 aktivity s\u00fa relevantn\u00e9 pre zvolen\u00fd \u0161pecifick\u00fd cie\u013e a zvolen\u00fa investi\u010dn\u00fa prioritu a implement\u00e1cia aktiv\u00edt jednozna\u010dne prispieva k dosiahnutiu v\u00fdstupov a v\u00fdsledkov programu. Realiz\u00e1ciou projektu sa s\u00fastred\u00edme na zhodnocovanie vn\u00fatorn\u00e9ho potenci\u00e1lu v prospech \u010fal\u0161ieho vyv\u00e1\u017een\u00e9ho rozvoja cezhrani\u010dn\u00e9ho \u00fazemia, zv\u00fd\u0161ime atrakt\u00edvnos\u0165 cezhrani\u010dn\u00e9ho \u00fazemia a vytvor\u00edme pr\u00ed\u0165a\u017eliv\u00fd regi\u00f3n pre MSP, podnikanie a investorov.<\/p>\n\n\n\n<p>Zameranie a cie\u013e tohto v\u00fdskumn\u00e9ho z\u00e1meru spad\u00e1 do odborn\u00fdch prior\u00edt Eur\u00f3pskej \u00fanie definovan\u00fdch v publikovan\u00fdch materi\u00e1loch. Obsah z\u00e1meru sa plne kryje s prioritami EU, z ktor\u00fdch vych\u00e1dza taktie\u017e potrebnos\u0165 h\u013eadania nov\u00fdch typov senzorick\u00fdch prvkov a ich praktick\u00fdch aplik\u00e1ci\u00ed pre zv\u00fd\u0161enia kvality z\u00edskavan\u00fdch d\u00e1t a ich bezpe\u010dn\u00e9ho prenosu pre \u00fa\u010dely vyu\u017eitia v syst\u00e9moch pre zvy\u0161ovanie kvality \u017eivotn\u00e9ho prostredia, bezpe\u010dnosti, zvy\u0161ovanie inteligencie zariaden\u00ed a syst\u00e9mov na\u0161ej spolo\u010dnosti, syst\u00e9mov pre zlep\u0161ovanie zdravia a starostlivosti o \u010dloveka a pod. Navrhovan\u00fd projekt je z\u00e1rove\u0148 v plnom s\u00falade so Strat\u00e9giou v\u00fdskumu a inov\u00e1ci\u00ed pre inteligentn\u00fa \u0161pecializ\u00e1ciu (RIS3) na Slovensku a s N\u00e1rodnou v\u00fdskumnou a inova\u010dnou strat\u00e9giou pre inteligentn\u00fa \u0161pecializ\u00e1ciu \u010ceskej republiky (RIS3) v&nbsp;\u010cR a&nbsp;n\u00e1sledne s N\u00e1rodn\u00ed politiky v\u00fdzkumu, v\u00fdvoje a inovac\u00ed \u010cesk\u00e9 republiky pre roky 2016 &#8211; 2020 (aktualiz\u00e1cia 2018) \u010di Inova\u010dn\u00ed strategie \u010cesk\u00e9 republiky 2019 &#8211; 2030. Z\u00e1rove\u0148 je dan\u00fd projekt priamo orientovan\u00fd i&nbsp;do Eur\u00f3pskeho spole\u010denstva v&nbsp;oblasti &#8222;kl\u00ed\u010dov\u00e9 umo\u017e\u0148uj\u00edc\u00ed technologie&#8220; (Key Enabling Technologies -KETs), kde je jednou z&nbsp;hlavn\u00fdch defin\u00edci\u00ed fotonika. Jednou z&nbsp;v\u00fdznamn\u00fdch realiz\u00e1ci\u00ed projektu je odklon od dlhodobo presadzovan\u00fdch publika\u010dn\u00fdch v\u00fdstupov na konferenci\u00e1ch a&nbsp;semin\u00e1roch odboru spolu s&nbsp;publik\u00e1ciami v&nbsp;\u010dasopisoch s&nbsp;IF. Tieto aktivity s\u00edce zostan\u00fa zachovan\u00e9, ale d\u00f4raz bude roz\u0161\u00edren\u00fd o pr\u00edspevky v&nbsp;\u010dasopisoch a&nbsp;konferenci\u00e1ch u\u017e\u00edvate\u013esk\u00fdch komun\u00edt (typicky stavebn\u00e9 konferencie, dopravn\u00e9, v&nbsp;oblasti spa\u013eovania nerastn\u00fdch surov\u00edn, pre priemysel energetick\u00fdch m\u00e9di\u00ed, a pod.), pre roz\u0161\u00edrenie povedomia o&nbsp;mo\u017enostiach nasadenia t\u00fdchto unik\u00e1tnych typov fotonick\u00fdch senzorov s&nbsp;cie\u013eom identifik\u00e1cie \u010fal\u0161\u00edch potenci\u00e1lnych u\u017e\u00edvate\u013eov pre aplik\u00e1cie do priemyslov\u00e9ho odvetvia s&nbsp;cie\u013eom vysoko inovat\u00edvnych merac\u00edch a&nbsp;vyhodnocovac\u00edch met\u00f3d. Pr\u00e1ve inovat\u00edvne postupy, met\u00f3dy aplik\u00e1cie a&nbsp;technol\u00f3gie pom\u00e1haj\u00fa udr\u017ea\u0165 krok so svetom \u010di mo\u017enostiach nov\u00fdch smerov, ktor\u00e9 nie s\u00fa doposia\u013e dostato\u010dn\u00fdm sp\u00f4sobom progres\u00edvne rie\u0161en\u00e9 zo strany akademick\u00fdch alebo priemyslov\u00fdch in\u0161tit\u00faci\u00ed.<\/p>\n","protected":false},"excerpt":{"rendered":"<p>Pri pr\u00edprave \u017eiadosti o NFP sa ve\u013ek\u00fd d\u00f4raz kl\u00e1dol na logick\u00fa, vecn\u00fa a \u010dasov\u00fa nadv\u00e4znos\u0165 aktiv\u00edt. Realiz\u00e1cia aktiv\u00edt projektu bude prebieha\u0165 s\u00fabe\u017ene u&nbsp;v\u0161etk\u00fdch partnerov. Ka\u017ed\u00e1 z partnersk\u00fdch str\u00e1n bude na ich implement\u00e1ciu vyu\u017e\u00edva\u0165 svoj odborn\u00fd t\u00edm, ako aj t\u00edm zodpovedn\u00fd za riadenie projektu samozrejme za \u00fa\u010dasti a koordin\u00e1cie \u010dinnost\u00ed ved\u00facim projektov\u00fdm mana\u017e\u00e9rom na strane VP. &hellip; <\/p>\n<p class=\"link-more\"><a href=\"https:\/\/optosense.sk\/?page_id=29\" class=\"more-link\">Read more<span class=\"screen-reader-text\"> &#8222;Sp\u00f4sob realiz\u00e1cie aktiv\u00edt projektu&#8220;<\/span><\/a><\/p>\n","protected":false},"author":1,"featured_media":0,"parent":0,"menu_order":0,"comment_status":"closed","ping_status":"closed","template":"","meta":{"_monsterinsights_skip_tracking":false,"_monsterinsights_sitenote_active":false,"_monsterinsights_sitenote_note":"","_monsterinsights_sitenote_category":0},"yoast_head":"<!-- This site is optimized with the Yoast SEO plugin v17.6 - https:\/\/yoast.com\/wordpress\/plugins\/seo\/ -->\n<title>Sp\u00f4sob realiz\u00e1cie aktiv\u00edt projektu - optosens<\/title>\n<meta name=\"robots\" content=\"index, follow, max-snippet:-1, max-image-preview:large, max-video-preview:-1\" \/>\n<link rel=\"canonical\" href=\"https:\/\/optosense.sk\/?page_id=29\" \/>\n<meta property=\"og:locale\" content=\"sk_SK\" \/>\n<meta property=\"og:type\" content=\"article\" \/>\n<meta property=\"og:title\" content=\"Sp\u00f4sob realiz\u00e1cie aktiv\u00edt projektu - optosens\" \/>\n<meta property=\"og:description\" content=\"Pri pr\u00edprave \u017eiadosti o NFP sa ve\u013ek\u00fd d\u00f4raz kl\u00e1dol na logick\u00fa, vecn\u00fa a \u010dasov\u00fa nadv\u00e4znos\u0165 aktiv\u00edt. Realiz\u00e1cia aktiv\u00edt projektu bude prebieha\u0165 s\u00fabe\u017ene u&nbsp;v\u0161etk\u00fdch partnerov. Ka\u017ed\u00e1 z partnersk\u00fdch str\u00e1n bude na ich implement\u00e1ciu vyu\u017e\u00edva\u0165 svoj odborn\u00fd t\u00edm, ako aj t\u00edm zodpovedn\u00fd za riadenie projektu samozrejme za \u00fa\u010dasti a koordin\u00e1cie \u010dinnost\u00ed ved\u00facim projektov\u00fdm mana\u017e\u00e9rom na strane VP. &hellip; Read more &quot;Sp\u00f4sob realiz\u00e1cie aktiv\u00edt projektu&quot;\" \/>\n<meta property=\"og:url\" content=\"https:\/\/optosense.sk\/?page_id=29\" \/>\n<meta property=\"og:site_name\" content=\"optosens\" \/>\n<meta property=\"article:modified_time\" content=\"2021-11-29T09:04:31+00:00\" \/>\n<meta name=\"twitter:card\" content=\"summary_large_image\" \/>\n<meta name=\"twitter:label1\" content=\"Predpokladan\u00fd \u010das \u010d\u00edtania\" \/>\n\t<meta name=\"twitter:data1\" content=\"4 min\u00faty\" \/>\n<script type=\"application\/ld+json\" class=\"yoast-schema-graph\">{\"@context\":\"https:\/\/schema.org\",\"@graph\":[{\"@type\":\"WebSite\",\"@id\":\"https:\/\/optosense.sk\/#website\",\"url\":\"https:\/\/optosense.sk\/\",\"name\":\"optosens\",\"description\":\"V\\u00fdskum a v\\u00fdvoj nov\\u00fdch senzorick\\u00fdch prvkov\",\"potentialAction\":[{\"@type\":\"SearchAction\",\"target\":{\"@type\":\"EntryPoint\",\"urlTemplate\":\"https:\/\/optosense.sk\/?s={search_term_string}\"},\"query-input\":\"required name=search_term_string\"}],\"inLanguage\":\"sk-SK\"},{\"@type\":\"WebPage\",\"@id\":\"https:\/\/optosense.sk\/?page_id=29#webpage\",\"url\":\"https:\/\/optosense.sk\/?page_id=29\",\"name\":\"Sp\\u00f4sob realiz\\u00e1cie aktiv\\u00edt projektu - optosens\",\"isPartOf\":{\"@id\":\"https:\/\/optosense.sk\/#website\"},\"datePublished\":\"2021-11-29T09:04:30+00:00\",\"dateModified\":\"2021-11-29T09:04:31+00:00\",\"breadcrumb\":{\"@id\":\"https:\/\/optosense.sk\/?page_id=29#breadcrumb\"},\"inLanguage\":\"sk-SK\",\"potentialAction\":[{\"@type\":\"ReadAction\",\"target\":[\"https:\/\/optosense.sk\/?page_id=29\"]}]},{\"@type\":\"BreadcrumbList\",\"@id\":\"https:\/\/optosense.sk\/?page_id=29#breadcrumb\",\"itemListElement\":[{\"@type\":\"ListItem\",\"position\":1,\"name\":\"Home\",\"item\":\"https:\/\/optosense.sk\/\"},{\"@type\":\"ListItem\",\"position\":2,\"name\":\"Sp\\u00f4sob realiz\\u00e1cie aktiv\\u00edt projektu\"}]}]}<\/script>\n<!-- \/ Yoast SEO plugin. -->","yoast_head_json":{"title":"Sp\u00f4sob realiz\u00e1cie aktiv\u00edt projektu - optosens","robots":{"index":"index","follow":"follow","max-snippet":"max-snippet:-1","max-image-preview":"max-image-preview:large","max-video-preview":"max-video-preview:-1"},"canonical":"https:\/\/optosense.sk\/?page_id=29","og_locale":"sk_SK","og_type":"article","og_title":"Sp\u00f4sob realiz\u00e1cie aktiv\u00edt projektu - optosens","og_description":"Pri pr\u00edprave \u017eiadosti o NFP sa ve\u013ek\u00fd d\u00f4raz kl\u00e1dol na logick\u00fa, vecn\u00fa a \u010dasov\u00fa nadv\u00e4znos\u0165 aktiv\u00edt. Realiz\u00e1cia aktiv\u00edt projektu bude prebieha\u0165 s\u00fabe\u017ene u&nbsp;v\u0161etk\u00fdch partnerov. Ka\u017ed\u00e1 z partnersk\u00fdch str\u00e1n bude na ich implement\u00e1ciu vyu\u017e\u00edva\u0165 svoj odborn\u00fd t\u00edm, ako aj t\u00edm zodpovedn\u00fd za riadenie projektu samozrejme za \u00fa\u010dasti a koordin\u00e1cie \u010dinnost\u00ed ved\u00facim projektov\u00fdm mana\u017e\u00e9rom na strane VP. &hellip; Read more \"Sp\u00f4sob realiz\u00e1cie aktiv\u00edt projektu\"","og_url":"https:\/\/optosense.sk\/?page_id=29","og_site_name":"optosens","article_modified_time":"2021-11-29T09:04:31+00:00","twitter_card":"summary_large_image","twitter_misc":{"Predpokladan\u00fd \u010das \u010d\u00edtania":"4 min\u00faty"},"schema":{"@context":"https:\/\/schema.org","@graph":[{"@type":"WebSite","@id":"https:\/\/optosense.sk\/#website","url":"https:\/\/optosense.sk\/","name":"optosens","description":"V\u00fdskum a v\u00fdvoj nov\u00fdch senzorick\u00fdch prvkov","potentialAction":[{"@type":"SearchAction","target":{"@type":"EntryPoint","urlTemplate":"https:\/\/optosense.sk\/?s={search_term_string}"},"query-input":"required name=search_term_string"}],"inLanguage":"sk-SK"},{"@type":"WebPage","@id":"https:\/\/optosense.sk\/?page_id=29#webpage","url":"https:\/\/optosense.sk\/?page_id=29","name":"Sp\u00f4sob realiz\u00e1cie aktiv\u00edt projektu - optosens","isPartOf":{"@id":"https:\/\/optosense.sk\/#website"},"datePublished":"2021-11-29T09:04:30+00:00","dateModified":"2021-11-29T09:04:31+00:00","breadcrumb":{"@id":"https:\/\/optosense.sk\/?page_id=29#breadcrumb"},"inLanguage":"sk-SK","potentialAction":[{"@type":"ReadAction","target":["https:\/\/optosense.sk\/?page_id=29"]}]},{"@type":"BreadcrumbList","@id":"https:\/\/optosense.sk\/?page_id=29#breadcrumb","itemListElement":[{"@type":"ListItem","position":1,"name":"Home","item":"https:\/\/optosense.sk\/"},{"@type":"ListItem","position":2,"name":"Sp\u00f4sob realiz\u00e1cie aktiv\u00edt projektu"}]}]}},"_links":{"self":[{"href":"https:\/\/optosense.sk\/index.php?rest_route=\/wp\/v2\/pages\/29"}],"collection":[{"href":"https:\/\/optosense.sk\/index.php?rest_route=\/wp\/v2\/pages"}],"about":[{"href":"https:\/\/optosense.sk\/index.php?rest_route=\/wp\/v2\/types\/page"}],"author":[{"embeddable":true,"href":"https:\/\/optosense.sk\/index.php?rest_route=\/wp\/v2\/users\/1"}],"replies":[{"embeddable":true,"href":"https:\/\/optosense.sk\/index.php?rest_route=%2Fwp%2Fv2%2Fcomments&post=29"}],"version-history":[{"count":1,"href":"https:\/\/optosense.sk\/index.php?rest_route=\/wp\/v2\/pages\/29\/revisions"}],"predecessor-version":[{"id":30,"href":"https:\/\/optosense.sk\/index.php?rest_route=\/wp\/v2\/pages\/29\/revisions\/30"}],"wp:attachment":[{"href":"https:\/\/optosense.sk\/index.php?rest_route=%2Fwp%2Fv2%2Fmedia&parent=29"}],"curies":[{"name":"wp","href":"https:\/\/api.w.org\/{rel}","templated":true}]}}