{"id":10,"date":"2021-11-29T09:37:02","date_gmt":"2021-11-29T08:37:02","guid":{"rendered":"http:\/\/optosense.sk\/?page_id=10"},"modified":"2023-03-19T16:08:58","modified_gmt":"2023-03-19T15:08:58","slug":"projekt","status":"publish","type":"page","link":"https:\/\/optosense.sk\/?page_id=10","title":{"rendered":"O projekte"},"content":{"rendered":"\n<figure class=\"wp-block-image size-large\"><img loading=\"lazy\" width=\"1024\" height=\"108\" src=\"https:\/\/optosense.sk\/wp-content\/uploads\/2023\/03\/interreg_V-A_obrazok-1024x108.jpg\" alt=\"\" class=\"wp-image-47\" srcset=\"https:\/\/optosense.sk\/wp-content\/uploads\/2023\/03\/interreg_V-A_obrazok-1024x108.jpg 1024w, https:\/\/optosense.sk\/wp-content\/uploads\/2023\/03\/interreg_V-A_obrazok-300x32.jpg 300w, https:\/\/optosense.sk\/wp-content\/uploads\/2023\/03\/interreg_V-A_obrazok-768x81.jpg 768w, https:\/\/optosense.sk\/wp-content\/uploads\/2023\/03\/interreg_V-A_obrazok-1536x162.jpg 1536w, https:\/\/optosense.sk\/wp-content\/uploads\/2023\/03\/interreg_V-A_obrazok.jpg 2000w\" sizes=\"(max-width: 1024px) 100vw, 1024px\" \/><\/figure>\n\n\n\n<p>N\u00e1zov projektu: <strong>Optovl\u00e1knov\u00e9 senzory s fotonick\u00fdmi prvkami pre inovat\u00edvne aplik\u00e1cie<\/strong><\/p>\n\n\n\n<p>K\u00f3d projektu v ITMS2014+: <strong>304010Y497<\/strong><\/p>\n\n\n\n<p>Akronym: <strong>OPTOSENS<\/strong><\/p>\n\n\n\n<p class=\"has-text-align-left\">V\u00fdskum a v\u00fdvoj nov\u00fdch senzorick\u00fdch prvkov na b\u00e1ze najnov\u0161\u00edch platforiem a technol\u00f3gi\u00ed je v s\u00fa\u010dasnosti s narastaj\u00facim technologick\u00fdm pokrokom v \u0161irok\u00fdch oblastiach IT, komunika\u010dn\u00fdch technol\u00f3gi\u00ed a smart rie\u0161eniach v\u00fdznamn\u00fd z h\u013eadiska vysokej ekonomickej sily plyn\u00facej z tohto pokroku. Na Slovensku a v pri\u013eahl\u00fdch regi\u00f3noch \u010ceskej republiky takmer \u00faplne absentuje v\u00fdskum, v\u00fdvoj a v\u00fdroba a mikroelektronick\u00fdch a polovodi\u010dov\u00fdch prvkov, syst\u00e9mov a zariaden\u00ed, ktor\u00e9 vo s\u00fa\u010dasnej dobe i historicky prin\u00e1\u0161aj\u00fa vysok\u00fa ekonomick\u00fa hodnotu v\u00fdnosov. \u017diadate\u013e ako aj partneri projektu disponuj\u00fa \u010dlenmi rie\u0161ite\u013esk\u00e9ho kolekt\u00edvu, ktor\u00ed s\u00fa najerudovanej\u0161\u00edmi odborn\u00edkmi v oblasti vl\u00e1knov\u00fdch a in\u00fdch fotonick\u00fdch senzorov na b\u00e1ze progres\u00edvnych materi\u00e1lov\u00fdch \u0161trukt\u00far vyu\u017eite\u013en\u00fdch v praktick\u00fdch senzorick\u00fdch aplik\u00e1ci\u00e1ch. Cie\u013e projektu je zameran\u00fd na v\u00fdskum a v\u00fdvoj fotonick\u00fdch senzorick\u00fdch prvkov pre priemyseln\u00e9 aplik\u00e1cie s unik\u00e1tnymi vlastnos\u0165ami a transfer t\u00fdchto prvkov do praxe prostredn\u00edctvom partnersk\u00fdch MSP. Cie\u013eom je nie len v\u00fdskum a v\u00fdvoj jednotliv\u00fdch unik\u00e1tnych fotonick\u00fdch senzorov, ale taktie\u017e ich zdru\u017eovanie do senzorick\u00fdch siet\u00ed. Partnersk\u00e9 MSP sa zameriavaj\u00fa na rozvoj vyu\u017eitia vl\u00e1knov\u00fdch a in\u00fdch fotonick\u00fdch senzorick\u00fdch \u0161trukt\u00far pri\u010dom prek\u00e1\u017eku v s\u00fa\u010dasnosti tvor\u00ed obmedzen\u00e1 ponuka vl\u00e1knov\u00fdch a in\u00fdch fotonick\u00fdch senzorick\u00fdch \u0161trukt\u00far a prvkov, pri\u010dom ich limituj\u00facim faktorom s\u00fa ich obmedzen\u00e9 vlastnosti pre \u0161irok\u00fd rozsah aplik\u00e1ci\u00ed. Cie\u013eom projektu je identifikova\u0165 prvky s konkr\u00e9tnymi vlastnos\u0165ami, vytvori\u0165 ich modely a simula\u010dne ich vytvori\u0165 spolu s podmienkami pre ich integr\u00e1ciu do senzorick\u00fdch siet\u00ed a syst\u00e9mov. \u010eal\u0161\u00ed partner projektu v podobe UNIZA, navrhnut\u00e9 prvky priprav\u00ed na b\u00e1ze nov\u00fdch progres\u00edvnych materi\u00e1lov umo\u017e\u0148uj\u00facich pr\u00edpravu prvkov s unik\u00e1tnymi vlastnos\u0165ami a partner z \u010ceskej republiky (V\u0160B-TU Ostrava) navrhnut\u00e9 a pripraven\u00e9 prvky integruje do senzorick\u00fdch syst\u00e9mov a siet\u00ed so \u0161irok\u00fdm praktick\u00fdm vyu\u017eit\u00edm v priemyslovom odvetv\u00ed, ktor\u00e9 v bud\u00facnosti z\u00faro\u010dia \u010fal\u0161ie partnersk\u00e9 MSP.<\/p>\n","protected":false},"excerpt":{"rendered":"<p>N\u00e1zov projektu: Optovl\u00e1knov\u00e9 senzory s fotonick\u00fdmi prvkami pre inovat\u00edvne aplik\u00e1cie K\u00f3d projektu v ITMS2014+: 304010Y497 Akronym: OPTOSENS V\u00fdskum a v\u00fdvoj nov\u00fdch senzorick\u00fdch prvkov na b\u00e1ze najnov\u0161\u00edch platforiem a technol\u00f3gi\u00ed je v s\u00fa\u010dasnosti s narastaj\u00facim technologick\u00fdm pokrokom v \u0161irok\u00fdch oblastiach IT, komunika\u010dn\u00fdch technol\u00f3gi\u00ed a smart rie\u0161eniach v\u00fdznamn\u00fd z h\u013eadiska vysokej ekonomickej sily plyn\u00facej z tohto pokroku. &hellip; <\/p>\n<p class=\"link-more\"><a href=\"https:\/\/optosense.sk\/?page_id=10\" class=\"more-link\">Read more<span class=\"screen-reader-text\"> &#8222;O projekte&#8220;<\/span><\/a><\/p>\n","protected":false},"author":1,"featured_media":0,"parent":0,"menu_order":0,"comment_status":"closed","ping_status":"closed","template":"","meta":{"_monsterinsights_skip_tracking":false,"_monsterinsights_sitenote_active":false,"_monsterinsights_sitenote_note":"","_monsterinsights_sitenote_category":0},"yoast_head":"<!-- This site is optimized with the Yoast SEO plugin v17.6 - https:\/\/yoast.com\/wordpress\/plugins\/seo\/ -->\n<title>O projekte - optosens<\/title>\n<meta name=\"robots\" content=\"index, follow, max-snippet:-1, max-image-preview:large, max-video-preview:-1\" \/>\n<link rel=\"canonical\" href=\"https:\/\/optosense.sk\/?page_id=10\" \/>\n<meta property=\"og:locale\" content=\"sk_SK\" \/>\n<meta property=\"og:type\" content=\"article\" \/>\n<meta property=\"og:title\" content=\"O projekte - optosens\" \/>\n<meta property=\"og:description\" content=\"N\u00e1zov projektu: Optovl\u00e1knov\u00e9 senzory s fotonick\u00fdmi prvkami pre inovat\u00edvne aplik\u00e1cie K\u00f3d projektu v ITMS2014+: 304010Y497 Akronym: OPTOSENS V\u00fdskum a v\u00fdvoj nov\u00fdch senzorick\u00fdch prvkov na b\u00e1ze najnov\u0161\u00edch platforiem a technol\u00f3gi\u00ed je v s\u00fa\u010dasnosti s narastaj\u00facim technologick\u00fdm pokrokom v \u0161irok\u00fdch oblastiach IT, komunika\u010dn\u00fdch technol\u00f3gi\u00ed a smart rie\u0161eniach v\u00fdznamn\u00fd z h\u013eadiska vysokej ekonomickej sily plyn\u00facej z tohto pokroku. &hellip; Read more &quot;O projekte&quot;\" \/>\n<meta property=\"og:url\" content=\"https:\/\/optosense.sk\/?page_id=10\" \/>\n<meta property=\"og:site_name\" content=\"optosens\" \/>\n<meta property=\"article:modified_time\" content=\"2023-03-19T15:08:58+00:00\" \/>\n<meta property=\"og:image\" content=\"https:\/\/optosense.sk\/wp-content\/uploads\/2023\/03\/interreg_V-A_obrazok-1024x108.jpg\" \/>\n<meta name=\"twitter:card\" content=\"summary_large_image\" \/>\n<meta name=\"twitter:label1\" content=\"Predpokladan\u00fd \u010das \u010d\u00edtania\" \/>\n\t<meta name=\"twitter:data1\" content=\"2 min\u00faty\" \/>\n<script type=\"application\/ld+json\" class=\"yoast-schema-graph\">{\"@context\":\"https:\/\/schema.org\",\"@graph\":[{\"@type\":\"WebSite\",\"@id\":\"https:\/\/optosense.sk\/#website\",\"url\":\"https:\/\/optosense.sk\/\",\"name\":\"optosens\",\"description\":\"V\\u00fdskum a v\\u00fdvoj nov\\u00fdch senzorick\\u00fdch prvkov\",\"potentialAction\":[{\"@type\":\"SearchAction\",\"target\":{\"@type\":\"EntryPoint\",\"urlTemplate\":\"https:\/\/optosense.sk\/?s={search_term_string}\"},\"query-input\":\"required name=search_term_string\"}],\"inLanguage\":\"sk-SK\"},{\"@type\":\"ImageObject\",\"@id\":\"https:\/\/optosense.sk\/?page_id=10#primaryimage\",\"inLanguage\":\"sk-SK\",\"url\":\"https:\/\/optosense.sk\/wp-content\/uploads\/2023\/03\/interreg_V-A_obrazok.jpg\",\"contentUrl\":\"https:\/\/optosense.sk\/wp-content\/uploads\/2023\/03\/interreg_V-A_obrazok.jpg\",\"width\":2000,\"height\":211},{\"@type\":[\"WebPage\",\"CollectionPage\"],\"@id\":\"https:\/\/optosense.sk\/?page_id=10#webpage\",\"url\":\"https:\/\/optosense.sk\/?page_id=10\",\"name\":\"O projekte - optosens\",\"isPartOf\":{\"@id\":\"https:\/\/optosense.sk\/#website\"},\"primaryImageOfPage\":{\"@id\":\"https:\/\/optosense.sk\/?page_id=10#primaryimage\"},\"datePublished\":\"2021-11-29T08:37:02+00:00\",\"dateModified\":\"2023-03-19T15:08:58+00:00\",\"breadcrumb\":{\"@id\":\"https:\/\/optosense.sk\/?page_id=10#breadcrumb\"},\"inLanguage\":\"sk-SK\",\"potentialAction\":[{\"@type\":\"ReadAction\",\"target\":[\"https:\/\/optosense.sk\/?page_id=10\"]}]},{\"@type\":\"BreadcrumbList\",\"@id\":\"https:\/\/optosense.sk\/?page_id=10#breadcrumb\",\"itemListElement\":[{\"@type\":\"ListItem\",\"position\":1,\"name\":\"Home\",\"item\":\"https:\/\/optosense.sk\/\"},{\"@type\":\"ListItem\",\"position\":2,\"name\":\"O projekte\"}]}]}<\/script>\n<!-- \/ Yoast SEO plugin. -->","yoast_head_json":{"title":"O projekte - optosens","robots":{"index":"index","follow":"follow","max-snippet":"max-snippet:-1","max-image-preview":"max-image-preview:large","max-video-preview":"max-video-preview:-1"},"canonical":"https:\/\/optosense.sk\/?page_id=10","og_locale":"sk_SK","og_type":"article","og_title":"O projekte - optosens","og_description":"N\u00e1zov projektu: Optovl\u00e1knov\u00e9 senzory s fotonick\u00fdmi prvkami pre inovat\u00edvne aplik\u00e1cie K\u00f3d projektu v ITMS2014+: 304010Y497 Akronym: OPTOSENS V\u00fdskum a v\u00fdvoj nov\u00fdch senzorick\u00fdch prvkov na b\u00e1ze najnov\u0161\u00edch platforiem a technol\u00f3gi\u00ed je v s\u00fa\u010dasnosti s narastaj\u00facim technologick\u00fdm pokrokom v \u0161irok\u00fdch oblastiach IT, komunika\u010dn\u00fdch technol\u00f3gi\u00ed a smart rie\u0161eniach v\u00fdznamn\u00fd z h\u013eadiska vysokej ekonomickej sily plyn\u00facej z tohto pokroku. &hellip; Read more \"O projekte\"","og_url":"https:\/\/optosense.sk\/?page_id=10","og_site_name":"optosens","article_modified_time":"2023-03-19T15:08:58+00:00","og_image":[{"url":"https:\/\/optosense.sk\/wp-content\/uploads\/2023\/03\/interreg_V-A_obrazok-1024x108.jpg"}],"twitter_card":"summary_large_image","twitter_misc":{"Predpokladan\u00fd \u010das \u010d\u00edtania":"2 min\u00faty"},"schema":{"@context":"https:\/\/schema.org","@graph":[{"@type":"WebSite","@id":"https:\/\/optosense.sk\/#website","url":"https:\/\/optosense.sk\/","name":"optosens","description":"V\u00fdskum a v\u00fdvoj nov\u00fdch senzorick\u00fdch prvkov","potentialAction":[{"@type":"SearchAction","target":{"@type":"EntryPoint","urlTemplate":"https:\/\/optosense.sk\/?s={search_term_string}"},"query-input":"required name=search_term_string"}],"inLanguage":"sk-SK"},{"@type":"ImageObject","@id":"https:\/\/optosense.sk\/?page_id=10#primaryimage","inLanguage":"sk-SK","url":"https:\/\/optosense.sk\/wp-content\/uploads\/2023\/03\/interreg_V-A_obrazok.jpg","contentUrl":"https:\/\/optosense.sk\/wp-content\/uploads\/2023\/03\/interreg_V-A_obrazok.jpg","width":2000,"height":211},{"@type":["WebPage","CollectionPage"],"@id":"https:\/\/optosense.sk\/?page_id=10#webpage","url":"https:\/\/optosense.sk\/?page_id=10","name":"O projekte - optosens","isPartOf":{"@id":"https:\/\/optosense.sk\/#website"},"primaryImageOfPage":{"@id":"https:\/\/optosense.sk\/?page_id=10#primaryimage"},"datePublished":"2021-11-29T08:37:02+00:00","dateModified":"2023-03-19T15:08:58+00:00","breadcrumb":{"@id":"https:\/\/optosense.sk\/?page_id=10#breadcrumb"},"inLanguage":"sk-SK","potentialAction":[{"@type":"ReadAction","target":["https:\/\/optosense.sk\/?page_id=10"]}]},{"@type":"BreadcrumbList","@id":"https:\/\/optosense.sk\/?page_id=10#breadcrumb","itemListElement":[{"@type":"ListItem","position":1,"name":"Home","item":"https:\/\/optosense.sk\/"},{"@type":"ListItem","position":2,"name":"O projekte"}]}]}},"_links":{"self":[{"href":"https:\/\/optosense.sk\/index.php?rest_route=\/wp\/v2\/pages\/10"}],"collection":[{"href":"https:\/\/optosense.sk\/index.php?rest_route=\/wp\/v2\/pages"}],"about":[{"href":"https:\/\/optosense.sk\/index.php?rest_route=\/wp\/v2\/types\/page"}],"author":[{"embeddable":true,"href":"https:\/\/optosense.sk\/index.php?rest_route=\/wp\/v2\/users\/1"}],"replies":[{"embeddable":true,"href":"https:\/\/optosense.sk\/index.php?rest_route=%2Fwp%2Fv2%2Fcomments&post=10"}],"version-history":[{"count":5,"href":"https:\/\/optosense.sk\/index.php?rest_route=\/wp\/v2\/pages\/10\/revisions"}],"predecessor-version":[{"id":49,"href":"https:\/\/optosense.sk\/index.php?rest_route=\/wp\/v2\/pages\/10\/revisions\/49"}],"wp:attachment":[{"href":"https:\/\/optosense.sk\/index.php?rest_route=%2Fwp%2Fv2%2Fmedia&parent=10"}],"curies":[{"name":"wp","href":"https:\/\/api.w.org\/{rel}","templated":true}]}}